{"id":3009,"date":"2021-07-06T23:15:17","date_gmt":"2021-07-06T21:15:17","guid":{"rendered":"https:\/\/blissful-ardinghelli.5-183-216-2.plesk.page\/?page_id=3009"},"modified":"2021-07-06T23:29:21","modified_gmt":"2021-07-06T21:29:21","slug":"datenschutzerklaerung","status":"publish","type":"page","link":"https:\/\/www.forschungsvielfalt.at\/?page_id=3009","title":{"rendered":"Datenschutzerkl\u00e4rung"},"content":{"rendered":"<p>[vc_row][vc_column][vc_column_text]<\/p>\n<h1 class=\"p1\">Datenschutzerkl\u00e4rung<\/h1>\n<p class=\"p3\">Als Initiative: Forschungsvielfalt ist uns der Schutz Ihrer pers\u00f6nlichen Daten ein besonderes Anliegen, da wir eine hohe Verantwortung im Umgang mit Ihren besonders sch\u00fctzenswerten Daten zu politischen Einstellungen und Meinungen haben. Welche Daten wir erfassen und wie wir damit sicher umgehen, wollen wir Ihnen offen und nachvollziehbar erkl\u00e4ren. Damit kommen wir unserer Informationspflicht bei der Erhebung von personenbezogenen Daten gem\u00e4\u00df <a href=\"https:\/\/dsgvo-gesetz.de\/art-13-dsgvo\/\"><span class=\"s1\">Artikel 13 der Datenschutz-Grundverordnung (DSGVO)<\/span><\/a> nach. Diese Datenschutzerkl\u00e4rung bezieht sich nicht auf andere Anbieter, zu denen wir durch Links auf unseren Seiten verweisen, d.h. f\u00fcr diese Inhalte sowie Verwendung und Verarbeitung von Daten \u00fcbernehmen wir keine Haftung.<\/p>\n<p class=\"p3\"><b>Welche personenbezogenen Daten erfassen wir?<\/b><\/p>\n<p class=\"p3\">Organisation (kein Pflichtfeld)<br \/>\nAnrede (Pflichtfeld)<br \/>\nTitel vorgestellt (kein Pflichtfeld)<br \/>\nTitel nachgestellt (kein Pflichtfeld)<br \/>\nVorname (Pflichtfeld)<br \/>\nZuname (Pflichtfeld)<br \/>\nFunktion (Pflichtfeld)<br \/>\nStra\u00dfe (Pflichtfeld)<br \/>\nHausnummer \/ Top (Pflichtfeld)<br \/>\nPostleitzahl (Pflichtfeld)<br \/>\nStadt (Pflichtfeld)<br \/>\nE-Mail-Adresse (Pflichtfeld)<br \/>\nTelefonnummer (kein Pflichtfeld)<br \/>\nLogo (kein Pflichtfeld) genaue Angaben Formate (.jpg, .png) (hohe Aufl\u00f6sung)<br \/>\nZitate (kein Pflichtfeld)<\/p>\n<p class=\"p3\"><b>Wie verwenden wir ihre Daten?<\/b><\/p>\n<ul class=\"ul1\">\n<li class=\"li3\"><span class=\"s2\"><\/span>Wir stellen \u00f6ffentliche Unterschriften mit Namen dar.<\/li>\n<li class=\"li3\"><span class=\"s2\"><\/span>Wir senden Ihnen Newsletter bzw. Informationen \u00fcber die Arbeit von Initiative: Forschungsvielfalt (sofern Sie dem zugestimmt haben).<\/li>\n<\/ul>\n<p class=\"p3\"><b>Wer kann was von Ihren Daten sehen und wie lange?<\/b><\/p>\n<ul class=\"ul1\">\n<li class=\"li3\"><span class=\"s2\"><\/span>Als Unterst\u00fctzende der Initiative: Forschungsvielfalt ist Anrede, Vorname, Zuname, Funktion, Anschrift und E-Mailadresse anzugeben. Um \u00fcber die Initiative: Forschungsvielfalt informiert zu bleiben, ist die Angabe einer g\u00fcltigen E-Mail-Adresse Voraussetzung. Nach Unterzeichnung werden Vor- und Zuname bzw. der Name der unterst\u00fctzenden Organisation auf der Website \u00f6ffentlich angezeigt und werden f\u00fcr Suchmaschinen angezeigt. Sp\u00e4testens f\u00fcnf Jahre nach Abschluss der Initiative werden die Unterschriften gel\u00f6scht.<\/li>\n<li class=\"li3\"><span class=\"s2\"><\/span>Unterschriftenlisten und Sammelb\u00f6gen d\u00fcrfen von den Initiatoren an niemanden weitergeleitet werden.<\/li>\n<li class=\"li3\"><span class=\"s2\"><\/span>Kommentare von Unterst\u00fctzenden sind mit Namen auf der Webseite, nicht jedoch f\u00fcr Suchmaschinen sichtbar.<\/li>\n<\/ul>\n<p class=\"p3\"><b>Wie k\u00f6nnen Sie \u00fcber Ihre Daten bestimmen?<\/b><\/p>\n<ul class=\"ul1\">\n<li class=\"li3\"><span class=\"s2\"><\/span>Unterst\u00fctzende werden \u00fcber einen Cookie erkannt.<\/li>\n<li class=\"li3\"><span class=\"s2\"><\/span>Unterst\u00fctzende k\u00f6nnen die Sichtbarkeit Ihrer Unterschriften jederzeit widerrufen.<\/li>\n<\/ul>\n<p class=\"p3\"><b>Datenverarbeitung<\/b><\/p>\n<p class=\"p3\">Personenbezogene Daten, die Sie uns \u00fcber eine Webseite oder Email \u00fcbermittelt haben, werden nur zur Korrespondenz mit Ihnen und nur f\u00fcr den Zweck verarbeitet, zu dem Sie uns Ihre Daten zur Verf\u00fcgung gestellt haben. Die zur Verf\u00fcgung gestellten Daten werden ausschlie\u00dflich an die zust\u00e4ndige Stelle im Unternehmen weitergeleitet.<\/p>\n<p class=\"p3\">Wir versichern, dass Ihre personenbezogenen Daten nicht an Dritte weitergegeben werden, es sei denn, dass gesetzliche Vorgaben dies verlangen.<\/p>\n<p class=\"p3\"><b>Datenspeicherung<\/b><\/p>\n<p class=\"p3\">Die uns zur Verf\u00fcgung gestellten Daten werden nur so lange gespeichert, bis der Zweck erf\u00fcllt ist, zu dem sie uns anvertraut wurden. Sofern gesetzliche Aufbewahrungsfristen zu beachten sind, werden diese eingehalten.<\/p>\n<p class=\"p3\">Sollten Sie mit der Speicherung Ihrer personenbezogenen Daten nicht mehr einverstanden sein, werden wir die gespeicherten Daten auf Ihre Weisung hin l\u00f6schen. Haben sich ihre personenbezogenen Daten ge\u00e4ndert, werden wir diese nach Ihrer Information richtigstellen.<\/p>\n<p class=\"p3\"><b>Newsletter bzw. Informationen und andere E-Mails<\/b><\/p>\n<p class=\"p3\">Die Initiative: Forschungsvielfalt versendet Newsletter bzw. Informationen und andere E-Mails nur an Personen, die dem Empfang aktiv zugestimmt haben.<\/p>\n<p class=\"p3\"><b>YouTube<\/b><\/p>\n<p class=\"p3\">Beitr\u00e4ge auf unserer Seite k\u00f6nnen mit Videos verlinkt sein, die auf der Plattform YouTube abrufbar sind (Embedded Content). Es handelt sich bei YouTube um einen Dienst der YouTube LLC, einer Tochter von Google Inc. Es gelten die <a href=\"https:\/\/www.google.de\/privacy.html\"><span class=\"s1\">Datenschutzbestimmungen von Google<\/span><\/a>.<\/p>\n<p class=\"p3\">Eine Zuordnung von Informationen zu Ihrer Person ist jedoch m\u00f6glich, wenn Sie bei YouTube oder einem anderen Dienst von Google angemeldet sind. Wenn Sie dies nicht w\u00fcnschen, melden Sie sich bitte von Ihrem Google-Konto ab, bevor Sie ein eingebundenes Video zum Abspielen anklicken.<\/p>\n<p class=\"p3\"><b>Google Analytics<\/b><\/p>\n<p class=\"p3\">Wir nutzen Funktionen des Webanalysedienstes Google Analytics. Anbieter ist die Google Inc., 1600 Amphitheatre Parkway Mountain View, CA 94043, USA.<\/p>\n<p class=\"p3\">Google Analytics verwendet Cookies. Die durch das Cookie erzeugten Informationen \u00fcber die Benutzung des Onlineangebotes durch die Nutzer werden in der Regel an einen Server von Google in den USA \u00fcbertragen und dort gespeichert.<\/p>\n<p class=\"p3\">Google wird diese Informationen im Rahmen unserer Vereinbarung \u00fcber eine Auftragsverarbeitung nach Art 28 DSGVO benutzen, um die Nutzung unseres Onlineangebotes durch die Nutzer auszuwerten, um Reports \u00fcber die Aktivit\u00e4ten innerhalb dieses Onlineangebotes zusammenzustellen und um weitere mit der Nutzung dieses Onlineangebotes und der Internetnutzung verbundene Dienstleistungen uns gegen\u00fcber zu erbringen. Dabei k\u00f6nnen aus den verarbeiteten Daten pseudonyme Nutzungsprofile der Nutzer erstellt werden.<\/p>\n<p class=\"p3\">Wir setzen Google Analytics nur mit aktivierter IP-Anonymisierung ein. Das bedeutet, die IP-Adresse der Nutzer wird von Google innerhalb von Mitgliedstaaten der Europ\u00e4ischen Union oder in anderen Vertragsstaaten des Abkommens \u00fcber den Europ\u00e4ischen Wirtschaftsraum gek\u00fcrzt. Nur in Ausnahmef\u00e4llen wird die volle IP-Adresse an einen Server von Google in den USA \u00fcbertragen und dort gek\u00fcrzt.\u00a0Die von dem Browser des Nutzers \u00fcbermittelte IP-Adresse wird nicht mit anderen Daten von Google zusammengef\u00fchrt.<\/p>\n<p class=\"p3\">Die Datenverarbeitung erfolgt auf Grundlage unseres berechtigten Interesses (Art. 6 Abs. 1 lit. f DSGVO). Dieses ist die Verbesserung unseres Onlineangebotes mithilfe der erhobenen anonymisierten Daten.<\/p>\n<p class=\"p3\">Sie k\u00f6nnen die Erfassung der durch das Cookie erzeugten und auf Ihre Nutzung des Onlineangebotes bezogenen Daten an Google sowie die Verarbeitung dieser Daten durch Google verhindern, indem Sie auf den nachstehenden Link klicken. Es wird ein Opt-Out-Cookie gesetzt, das die Erfassung Ihrer Daten bei zuk\u00fcnftigen Besuchen dieser Website verhindert.<\/p>\n<p class=\"p3\">Google Analytics deaktivieren (Opt-Out Link)<\/p>\n<p class=\"p3\"><b>Cookies<\/b><\/p>\n<p class=\"p3\">Unsere Website verwendet so genannte Cookies. Dabei handelt es sich um kleine Textdateien, die mit Hilfe des Browsers auf Ihrem Endger\u00e4t abgelegt werden. Sie richten keinen Schaden an.<\/p>\n<p class=\"p3\">Wir nutzen Cookies dazu, unser Angebot nutzerfreundlich zu gestalten. Einige Cookies bleiben auf Ihrem Endger\u00e4t gespeichert, bis Sie diese l\u00f6schen. Sie erm\u00f6glichen es uns, Ihren Browser beim n\u00e4chsten Besuch wiederzuerkennen.<\/p>\n<p class=\"p3\">Wenn Sie dies nicht w\u00fcnschen, so k\u00f6nnen Sie Ihren Browser so einrichten, dass er Sie \u00fcber das Setzen von Cookies informiert und Sie dies nur im Einzelfall erlauben.<\/p>\n<p class=\"p3\">Bei der Deaktivierung von Cookies kann die Funktionalit\u00e4t unserer Website eingeschr\u00e4nkt sein.<\/p>\n<p class=\"p3\"><b>Speicherung der IP-Adresse<\/b><\/p>\n<p class=\"p3\">Aus Gr\u00fcnden der Rechtssicherheit wird die IP-Adresse des Besuchers in Kombination mit dem Datum und der Uhrzeit immer dann gespeichert, wenn er sich inhaltlich beteiligt. Aus der IP-Adresse kann i.d.R. auf den Internetprovider des Besuchers geschlossen werden. Beim Internetprovider kann zu jedem Zeitpunkt auf die Identit\u00e4t des Anschluss-Inhabers geschlossen werden. Nach dem Vorratsdatenspeichergesetz (VDS) k\u00f6nnen Anschluss-Inhaber bis zu 10 Wochen r\u00fcckwirkend anhand der IP-Adresse identifiziert werden.<\/p>\n<p class=\"p3\"><b>Server Logfiles<\/b><\/p>\n<p class=\"p3\">Wir nutzen Dienste des Webspace-Providers <span class=\"s3\">XXX<\/span>.<\/p>\n<p class=\"p3\"><span class=\"s3\">XXX<\/span> erhebt Daten \u00fcber jeden Zugriff auf das Angebot (sogenannte Server-Logfiles). Zu den Zugriffsdaten geh\u00f6ren: Zeitpunkt des Abrufs, abgerufene URL, Browser und IP-Adresse des Nutzers.<\/p>\n<p class=\"p3\">Die Protokolldaten werden nur f\u00fcr statistische Auswertungen zum Zweck des Betriebs und zur Gew\u00e4hrleistung der Informationssicherheit verwendet. Sollte aufgrund konkreter Anhaltspunkte der berechtigte Verdacht einer rechtswidrigen Nutzung bestehen, werden die Protokolldaten nachtr\u00e4glich \u00fcberpr\u00fcft.<\/p>\n<p class=\"p3\">Die Daten werden alle 14 Tage gel\u00f6scht.<\/p>\n<p class=\"p3\">Rechtsgrundlage:<\/p>\n<p class=\"p3\">Die Datenverarbeitung erfolgt auf Grundlage unseres berechtigten Interesses (Art. 6 Abs. 1 lit. f DSGVO). Dieses ist die Gew\u00e4hrleistung der Informationssicherheit.<\/p>\n<p class=\"p3\"><b>Ihre Rechte<\/b><\/p>\n<p class=\"p3\">Ihnen stehen grunds\u00e4tzlich die Rechte auf Auskunft, Berichtigung, L\u00f6schung, Einschr\u00e4nkung, Daten\u00fcbertragbarkeit und Widerspruch zu. Kontaktieren Sie uns, wenn Sie von diesen Rechten Gebrauch machen m\u00f6chten.<\/p>\n<p class=\"p3\">Wenn Sie glauben, dass die Verarbeitung Ihrer Daten gegen das Datenschutzrecht verst\u00f6\u00dft oder Ihre datenschutzrechtlichen Anspr\u00fcche sonst in einer Weise verletzt worden sind, k\u00f6nnen Sie sich bei der Aufsichtsbeh\u00f6rde beschweren. In \u00d6sterreich ist dies die <a href=\"http:\/\/www.dsb.gv.at\"><span class=\"s1\">Datenschutzbeh\u00f6rde.<\/span><\/a><\/p>\n<p class=\"p3\"><b>Die gemeinsam verantwortlichen Stellen f\u00fcr die Datenverarbeitung auf dieser Website sind:<\/b><\/p>\n<p class=\"p3\">Fachhochschulkonferenz (FHK)<br \/>\nGeneralsekretariat<br \/>\nB\u00f6sendorferstra\u00dfe 10\/11<br \/>\n1010 Wien<br \/>\nAustria<br \/>\nTelefon: +43 01 8906345-0<br \/>\nE-Mail: office@fhk.ac.at<\/p>\n<p class=\"p3\">ACR \u2013 Austrian Cooperative Research<br \/>\nSensengasse 1<br \/>\n1090 Wien<br \/>\nAustria<br \/>\nTelefon: +43 1 219 85 73 \u2013 0<br \/>\nE-Mail: office@acr.ac.at<\/p>\n<p>[\/vc_column_text][\/vc_column][\/vc_row]<\/p>\n","protected":false},"excerpt":{"rendered":"<p>[vc_row][vc_column][vc_column_text] Datenschutzerkl\u00e4rung Als Initiative: Forschungsvielfalt ist uns der Schutz Ihrer pers\u00f6nlichen Daten ein besonderes Anliegen, da wir eine hohe Verantwortung im Umgang&#8230;<\/p>\n","protected":false},"author":1,"featured_media":0,"parent":0,"menu_order":0,"comment_status":"closed","ping_status":"closed","template":"page_no_sidebar.php","meta":{"_acf_changed":false,"footnotes":""},"class_list":["post-3009","page","type-page","status-publish","hentry"],"acf":[],"_links":{"self":[{"href":"https:\/\/www.forschungsvielfalt.at\/index.php?rest_route=\/wp\/v2\/pages\/3009","targetHints":{"allow":["GET"]}}],"collection":[{"href":"https:\/\/www.forschungsvielfalt.at\/index.php?rest_route=\/wp\/v2\/pages"}],"about":[{"href":"https:\/\/www.forschungsvielfalt.at\/index.php?rest_route=\/wp\/v2\/types\/page"}],"author":[{"embeddable":true,"href":"https:\/\/www.forschungsvielfalt.at\/index.php?rest_route=\/wp\/v2\/users\/1"}],"replies":[{"embeddable":true,"href":"https:\/\/www.forschungsvielfalt.at\/index.php?rest_route=%2Fwp%2Fv2%2Fcomments&post=3009"}],"version-history":[{"count":3,"href":"https:\/\/www.forschungsvielfalt.at\/index.php?rest_route=\/wp\/v2\/pages\/3009\/revisions"}],"predecessor-version":[{"id":3019,"href":"https:\/\/www.forschungsvielfalt.at\/index.php?rest_route=\/wp\/v2\/pages\/3009\/revisions\/3019"}],"wp:attachment":[{"href":"https:\/\/www.forschungsvielfalt.at\/index.php?rest_route=%2Fwp%2Fv2%2Fmedia&parent=3009"}],"curies":[{"name":"wp","href":"https:\/\/api.w.org\/{rel}","templated":true}]}}